{"id":81,"date":"2025-10-09T09:47:03","date_gmt":"2025-10-09T09:47:03","guid":{"rendered":"http:\/\/wadessda.fr\/?page_id=81"},"modified":"2025-10-10T08:16:51","modified_gmt":"2025-10-10T08:16:51","slug":"nos-ateliers","status":"publish","type":"page","link":"https:\/\/wadessda.fr\/index.php\/nos-ateliers\/","title":{"rendered":"Nos ateliers"},"content":{"rendered":"\n<p class=\"has-text-color has-link-color wp-elements-591158a7aaf0c677219c1672929d79f1\" style=\"color:#5e0d26\"><em>Wadessda ?!<\/em> propose des ateliers sur diff\u00e9rentes th\u00e9matiques et pour diff\u00e9rents publics dans le Sud Manche et environs. Ils s&rsquo;adressent aux \u00e9tablissements scolaires (\u00e9coles, coll\u00e8ges, lyc\u00e9es) et structures d&rsquo;accueil (ACM, MECS, IME-ITEP, Centres sociaux&#8230;), autant aux enfants et ados qu&rsquo;\u00e0 leurs professionnel\u00b7les, ainsi qu&rsquo;\u00e0 d&rsquo;autres adultes.<br><br>Les ateliers pour enfants et ados, centr\u00e9s sur leurs questionnements, suivent le cadre du programme EVARS (\u00e9ducation \u00e0 la vie affective, relationnelle et sexuelle) de l\u2019\u00c9ducation Nationale. Ils sont ludiques et privil\u00e9gient des techniques et outils interactifs. Nous souhaitons travailler en partenariat avec l\u2019\u00e9quipe \u00e9ducative, pour int\u00e9grer les professionnel\u00b7les dans la r\u00e9flexion, les sensibiliser \u00e9galement et leur permettre d\u2019\u00eatre des relais.<\/p>\n\n\n\n<p class=\"has-text-color has-link-color wp-elements-db38610b878acb189abcf65b66f18e76\" style=\"color:#5e0d26\"><strong>Pour enfants <\/strong>: \u00e9motions, corps et intimit\u00e9, \u00e9galit\u00e9 filles-gar\u00e7ons, diff\u00e9rences et discriminations, amiti\u00e9\/amour, estime de soi&#8230;<br><br><strong>Pour ados\/jeunes <\/strong>: pubert\u00e9\/intimit\u00e9\/corps, \u00e9galit\u00e9 de genre, orientations sexuelles, identit\u00e9 de genre, relations amoureuses, sexualit\u00e9, contraception, infections sexuellement transmissibles, consentement, r\u00e9seaux sociaux, pornographie, violences sexistes et sexuelles&#8230;<br><br>Il n&rsquo;y a pas d&rsquo;\u00e2ge pour apprendre. Nos ateliers de sensibilisation, des espaces de dialogue et de r\u00e9flexion, en toute confiance, ciblent \u00e9galement les adultes. <br><br><strong>Pour professionnel\u00b7les\/parents<\/strong> : introduction au genre, st\u00e9r\u00e9otypes de genre et discriminations, biais de genre dans les pratiques \u00e9ducatives, comment parler intimit\u00e9 aux enfants et ados, violences sexistes et sexuelles, langage inclusif&#8230;<br><br><strong>Pour adultes<\/strong> : estime de soi, normes de beaut\u00e9, (pr\u00e9)m\u00e9nopause, \u00eatre acteur\u00b7ice de sa sexualit\u00e9&#8230;<\/p>\n","protected":false},"excerpt":{"rendered":"<p>Wadessda ?! propose des ateliers sur diff\u00e9rentes th\u00e9matiques et pour diff\u00e9rents publics dans le Sud Manche et environs. Ils s&rsquo;adressent aux \u00e9tablissements scolaires (\u00e9coles, coll\u00e8ges, lyc\u00e9es) et structures d&rsquo;accueil (ACM, MECS, IME-ITEP, Centres sociaux&#8230;), autant aux enfants et ados qu&rsquo;\u00e0 leurs professionnel\u00b7les, ainsi qu&rsquo;\u00e0 d&rsquo;autres adultes. Les ateliers pour enfants et ados, centr\u00e9s sur leurs [&hellip;]<\/p>\n","protected":false},"author":1,"featured_media":0,"parent":0,"menu_order":0,"comment_status":"closed","ping_status":"closed","template":"","meta":{"footnotes":""},"class_list":["post-81","page","type-page","status-publish","hentry"],"_links":{"self":[{"href":"https:\/\/wadessda.fr\/index.php\/wp-json\/wp\/v2\/pages\/81","targetHints":{"allow":["GET"]}}],"collection":[{"href":"https:\/\/wadessda.fr\/index.php\/wp-json\/wp\/v2\/pages"}],"about":[{"href":"https:\/\/wadessda.fr\/index.php\/wp-json\/wp\/v2\/types\/page"}],"author":[{"embeddable":true,"href":"https:\/\/wadessda.fr\/index.php\/wp-json\/wp\/v2\/users\/1"}],"replies":[{"embeddable":true,"href":"https:\/\/wadessda.fr\/index.php\/wp-json\/wp\/v2\/comments?post=81"}],"version-history":[{"count":7,"href":"https:\/\/wadessda.fr\/index.php\/wp-json\/wp\/v2\/pages\/81\/revisions"}],"predecessor-version":[{"id":170,"href":"https:\/\/wadessda.fr\/index.php\/wp-json\/wp\/v2\/pages\/81\/revisions\/170"}],"wp:attachment":[{"href":"https:\/\/wadessda.fr\/index.php\/wp-json\/wp\/v2\/media?parent=81"}],"curies":[{"name":"wp","href":"https:\/\/api.w.org\/{rel}","templated":true}]}}